{"id":421,"date":"2025-05-26T15:46:27","date_gmt":"2025-05-26T13:46:27","guid":{"rendered":"https:\/\/wojdowskifizjoterapia.pl\/?page_id=421"},"modified":"2025-05-26T15:48:22","modified_gmt":"2025-05-26T13:48:22","slug":"cennik","status":"publish","type":"page","link":"https:\/\/wojdowskifizjoterapia.pl\/?page_id=421","title":{"rendered":"Cennik"},"content":{"rendered":"\t\t<div data-elementor-type=\"wp-page\" data-elementor-id=\"421\" class=\"elementor elementor-421\">\n\t\t\t\t\t\t<section class=\"elementor-section elementor-top-section elementor-element elementor-element-f9857be elementor-section-full_width elementor-section-height-default elementor-section-height-default\" data-id=\"f9857be\" data-element_type=\"section\">\n\t\t\t\t\t\t<div class=\"elementor-container elementor-column-gap-default\">\n\t\t\t\t\t<div class=\"elementor-column elementor-col-100 elementor-top-column elementor-element elementor-element-352bc08\" data-id=\"352bc08\" data-element_type=\"column\" data-settings=\"{&quot;background_background&quot;:&quot;classic&quot;}\">\n\t\t\t<div class=\"elementor-widget-wrap elementor-element-populated\">\n\t\t\t\t\t\t<div class=\"elementor-element elementor-element-8a67a88 elementor-widget elementor-widget-heading\" data-id=\"8a67a88\" data-element_type=\"widget\" data-widget_type=\"heading.default\">\n\t\t\t\t<div class=\"elementor-widget-container\">\n\t\t\t\t\t<h1 class=\"elementor-heading-title elementor-size-default\">Cennik<\/h1>\t\t\t\t<\/div>\n\t\t\t\t<\/div>\n\t\t\t\t\t<\/div>\n\t\t<\/div>\n\t\t\t\t\t<\/div>\n\t\t<\/section>\n\t\t\t\t<section class=\"elementor-section elementor-top-section elementor-element elementor-element-ab7a45c elementor-section-stretched elementor-section-boxed elementor-section-height-default elementor-section-height-default\" data-id=\"ab7a45c\" data-element_type=\"section\" data-settings=\"{&quot;stretch_section&quot;:&quot;section-stretched&quot;,&quot;background_background&quot;:&quot;classic&quot;}\">\n\t\t\t\t\t\t<div class=\"elementor-container elementor-column-gap-wider\">\n\t\t\t\t\t<div class=\"elementor-column elementor-col-100 elementor-top-column elementor-element elementor-element-9b5cb1e\" data-id=\"9b5cb1e\" data-element_type=\"column\">\n\t\t\t<div class=\"elementor-widget-wrap elementor-element-populated\">\n\t\t\t\t\t\t<section class=\"elementor-section elementor-inner-section elementor-element elementor-element-2407f62 elementor-section-boxed elementor-section-height-default elementor-section-height-default\" data-id=\"2407f62\" data-element_type=\"section\">\n\t\t\t\t\t\t<div class=\"elementor-container elementor-column-gap-default\">\n\t\t\t\t\t<div class=\"elementor-column elementor-col-100 elementor-inner-column elementor-element elementor-element-c19f80f\" data-id=\"c19f80f\" data-element_type=\"column\" data-settings=\"{&quot;background_background&quot;:&quot;classic&quot;}\">\n\t\t\t<div class=\"elementor-widget-wrap elementor-element-populated\">\n\t\t\t\t\t\t<div class=\"elementor-element elementor-element-5568684 elementor-widget elementor-widget-text-editor\" data-id=\"5568684\" data-element_type=\"widget\" data-widget_type=\"text-editor.default\">\n\t\t\t\t<div class=\"elementor-widget-container\">\n\t\t\t\t\t\t\t\t\t<table style=\"font-weight: 400;\" data-tablestyle=\"MsoTableGrid\" data-tablelook=\"1184\" aria-rowcount=\"6\"><tbody><tr aria-rowindex=\"1\"><td data-celllook=\"0\"><p><b><span data-contrast=\"auto\">Nazwa us\u0142ugi fizjoterapeutycznej<\/span><\/b><span data-ccp-props=\"{&quot;335551550&quot;:2,&quot;335551620&quot;:2}\">\u00a0<\/span><\/p><\/td><td data-celllook=\"0\"><p><b><span data-contrast=\"auto\">Opis<\/span><\/b><span data-ccp-props=\"{&quot;335551550&quot;:2,&quot;335551620&quot;:2}\">\u00a0<\/span><\/p><\/td><td data-celllook=\"0\"><p><b><span data-contrast=\"auto\">Cena<\/span><\/b><span data-ccp-props=\"{&quot;335551550&quot;:2,&quot;335551620&quot;:2}\">\u00a0<\/span><\/p><\/td><\/tr><tr aria-rowindex=\"2\"><td data-celllook=\"0\"><p><b><span data-contrast=\"auto\">Konsultacja fizjoterapeutyczna \/ diagnostyczna\u00a0<\/span><\/b><span data-ccp-props=\"{&quot;335551550&quot;:2,&quot;335551620&quot;:2}\">\u00a0<\/span><\/p><\/td><td data-celllook=\"0\"><p><span data-contrast=\"auto\">Wywiad, badanie funkcjonalne, diagnoza, programowanie.<\/span><span data-ccp-props=\"{&quot;335551550&quot;:2,&quot;335551620&quot;:2}\">\u00a0<\/span><\/p><\/td><td data-celllook=\"0\"><p><span data-contrast=\"auto\">140z\u0142<\/span><span data-ccp-props=\"{&quot;335551550&quot;:2,&quot;335551620&quot;:2}\">\u00a0<\/span><\/p><\/td><\/tr><tr aria-rowindex=\"3\"><td data-celllook=\"0\"><p><b><span data-contrast=\"auto\">Wizyta fizjoterapeutyczna \u2013 zaj\u0119cia indywidualne z pacjentem\u00a0<\/span><\/b><span data-ccp-props=\"{&quot;335551550&quot;:2,&quot;335551620&quot;:2}\">\u00a0<\/span><\/p><\/td><td data-celllook=\"0\"><p><span data-contrast=\"auto\">Praca indywidualna z pacjentem, rodzaj pracy zale\u017cny od dysfunkcji.<\/span><span data-ccp-props=\"{&quot;335551550&quot;:2,&quot;335551620&quot;:2}\">\u00a0<\/span><\/p><\/td><td data-celllook=\"0\"><p><span data-contrast=\"auto\">150z\u0142*<\/span><span data-ccp-props=\"{&quot;335551550&quot;:2,&quot;335551620&quot;:2}\">\u00a0<\/span><\/p><\/td><\/tr><tr aria-rowindex=\"4\"><td data-celllook=\"0\"><p><b><span data-contrast=\"auto\">Terapia tDCS<\/span><\/b><span data-ccp-props=\"{&quot;335551550&quot;:2,&quot;335551620&quot;:2}\">\u00a0<\/span><\/p><\/td><td data-celllook=\"0\"><p><span data-contrast=\"auto\">Cykl 10 stymulacji nast\u0119puj\u0105cych dzie\u0144 po dniu<\/span><span data-ccp-props=\"{&quot;335551550&quot;:2,&quot;335551620&quot;:2}\">\u00a0<\/span><\/p><\/td><td data-celllook=\"0\"><p><span data-contrast=\"auto\">1.100z\u0142<\/span><span data-ccp-props=\"{&quot;335551550&quot;:2,&quot;335551620&quot;:2}\">\u00a0<\/span><\/p><\/td><\/tr><tr aria-rowindex=\"5\"><td data-celllook=\"0\"><p><b><span data-contrast=\"auto\">Masa\u017c klasyczny \u2013 ca\u0142o\u015bciowy\u00a0<\/span><\/b><span data-ccp-props=\"{&quot;335551550&quot;:2,&quot;335551620&quot;:2}\">\u00a0<\/span><\/p><\/td><td data-celllook=\"0\"><p><span data-contrast=\"auto\">Zabieg obejmuje masa\u017c ko\u0144czyn g\u00f3rnych, dolnych, tu\u0142owia\u00a0 &#8211; 45 min.\u00a0<\/span><span data-ccp-props=\"{&quot;335551550&quot;:2,&quot;335551620&quot;:2}\">\u00a0<\/span><\/p><\/td><td data-celllook=\"0\"><p><span data-contrast=\"auto\">180z\u0142<\/span><span data-ccp-props=\"{&quot;335551550&quot;:2,&quot;335551620&quot;:2}\">\u00a0<\/span><\/p><\/td><\/tr><tr aria-rowindex=\"6\"><td data-celllook=\"0\"><p><b><span data-contrast=\"auto\">Masa\u017c cz\u0119\u015bciowy \u2013 plecy\u00a0<\/span><\/b><span data-ccp-props=\"{&quot;335551550&quot;:2,&quot;335551620&quot;:2}\">\u00a0<\/span><\/p><\/td><td data-celllook=\"0\"><p><span data-contrast=\"auto\">45 min\u00a0<\/span><span data-ccp-props=\"{&quot;335551550&quot;:2,&quot;335551620&quot;:2}\">\u00a0<\/span><\/p><\/td><td data-celllook=\"0\"><p><span data-contrast=\"auto\">150z\u0142 <\/span><span data-ccp-props=\"{&quot;335551550&quot;:2,&quot;335551620&quot;:2}\">\u00a0<\/span><\/p><\/td><\/tr><\/tbody><\/table>\t\t\t\t\t\t\t\t<\/div>\n\t\t\t\t<\/div>\n\t\t\t\t\t<\/div>\n\t\t<\/div>\n\t\t\t\t\t<\/div>\n\t\t<\/section>\n\t\t\t\t<div class=\"elementor-element elementor-element-736735c elementor-widget elementor-widget-text-editor\" data-id=\"736735c\" data-element_type=\"widget\" data-widget_type=\"text-editor.default\">\n\t\t\t\t<div class=\"elementor-widget-container\">\n\t\t\t\t\t\t\t\t\t<p><strong>W przypadku d\u0142u\u017cszej wsp\u00f3\u0142pracy proponuj\u0119 10% rabat.\u00a0\u00a0<\/strong><\/p><p><strong>Wszystkie wizyty odbywaj\u0105 si\u0119 na zasadzie wizyty domowej. Pacjent wskazuje adres pod kt\u00f3ry mam si\u0119 wstawi\u0107.\u00a0<\/strong><\/p>\t\t\t\t\t\t\t\t<\/div>\n\t\t\t\t<\/div>\n\t\t\t\t\t<\/div>\n\t\t<\/div>\n\t\t\t\t\t<\/div>\n\t\t<\/section>\n\t\t\t\t<\/div>\n\t\t","protected":false},"excerpt":{"rendered":"<p>Cennik Nazwa us\u0142ugi fizjoterapeutycznej\u00a0 Opis\u00a0 Cena\u00a0 Konsultacja fizjoterapeutyczna \/ diagnostyczna\u00a0\u00a0 Wywiad, badanie funkcjonalne, diagnoza, programowanie.\u00a0 140z\u0142\u00a0 Wizyta fizjoterapeutyczna \u2013 zaj\u0119cia indywidualne z pacjentem\u00a0\u00a0 Praca indywidualna z<span class=\"excerpt-hellip\"> [\u2026]<\/span><\/p>\n","protected":false},"author":1,"featured_media":0,"parent":0,"menu_order":0,"comment_status":"closed","ping_status":"closed","template":"","meta":{"footnotes":""},"class_list":["post-421","page","type-page","status-publish","hentry"],"_links":{"self":[{"href":"https:\/\/wojdowskifizjoterapia.pl\/index.php?rest_route=\/wp\/v2\/pages\/421","targetHints":{"allow":["GET"]}}],"collection":[{"href":"https:\/\/wojdowskifizjoterapia.pl\/index.php?rest_route=\/wp\/v2\/pages"}],"about":[{"href":"https:\/\/wojdowskifizjoterapia.pl\/index.php?rest_route=\/wp\/v2\/types\/page"}],"author":[{"embeddable":true,"href":"https:\/\/wojdowskifizjoterapia.pl\/index.php?rest_route=\/wp\/v2\/users\/1"}],"replies":[{"embeddable":true,"href":"https:\/\/wojdowskifizjoterapia.pl\/index.php?rest_route=%2Fwp%2Fv2%2Fcomments&post=421"}],"version-history":[{"count":4,"href":"https:\/\/wojdowskifizjoterapia.pl\/index.php?rest_route=\/wp\/v2\/pages\/421\/revisions"}],"predecessor-version":[{"id":425,"href":"https:\/\/wojdowskifizjoterapia.pl\/index.php?rest_route=\/wp\/v2\/pages\/421\/revisions\/425"}],"wp:attachment":[{"href":"https:\/\/wojdowskifizjoterapia.pl\/index.php?rest_route=%2Fwp%2Fv2%2Fmedia&parent=421"}],"curies":[{"name":"wp","href":"https:\/\/api.w.org\/{rel}","templated":true}]}}