{"id":380,"date":"2025-05-26T15:32:52","date_gmt":"2025-05-26T13:32:52","guid":{"rendered":"https:\/\/wojdowskifizjoterapia.pl\/?page_id=380"},"modified":"2025-05-26T15:37:24","modified_gmt":"2025-05-26T13:37:24","slug":"konsultacja-fizjoterapeutyczna","status":"publish","type":"page","link":"https:\/\/wojdowskifizjoterapia.pl\/?page_id=380","title":{"rendered":"Konsultacja fizjoterapeutyczna"},"content":{"rendered":"\t\t<div data-elementor-type=\"wp-page\" data-elementor-id=\"380\" class=\"elementor elementor-380\">\n\t\t\t\t\t\t<section class=\"elementor-section elementor-top-section elementor-element elementor-element-ce965f1 elementor-section-full_width elementor-section-height-default elementor-section-height-default\" data-id=\"ce965f1\" data-element_type=\"section\">\n\t\t\t\t\t\t<div class=\"elementor-container elementor-column-gap-default\">\n\t\t\t\t\t<div class=\"elementor-column elementor-col-100 elementor-top-column elementor-element elementor-element-8709321\" data-id=\"8709321\" data-element_type=\"column\" data-settings=\"{&quot;background_background&quot;:&quot;classic&quot;}\">\n\t\t\t<div class=\"elementor-widget-wrap elementor-element-populated\">\n\t\t\t\t\t\t<div class=\"elementor-element elementor-element-9b47a3a elementor-widget elementor-widget-heading\" data-id=\"9b47a3a\" data-element_type=\"widget\" data-widget_type=\"heading.default\">\n\t\t\t\t<div class=\"elementor-widget-container\">\n\t\t\t\t\t<h1 class=\"elementor-heading-title elementor-size-default\">Konsultacja fizjoterapeutyczna<\/h1>\t\t\t\t<\/div>\n\t\t\t\t<\/div>\n\t\t\t\t\t<\/div>\n\t\t<\/div>\n\t\t\t\t\t<\/div>\n\t\t<\/section>\n\t\t<div class=\"elementor-element elementor-element-3af6424 e-flex e-con-boxed e-con e-parent\" data-id=\"3af6424\" data-element_type=\"container\">\n\t\t\t\t\t<div class=\"e-con-inner\">\n\t\t<div class=\"elementor-element elementor-element-100e416 e-con-full e-flex e-con e-child\" data-id=\"100e416\" data-element_type=\"container\">\n\t\t\t\t<div class=\"elementor-element elementor-element-3531ceb elementor-widget elementor-widget-heading\" data-id=\"3531ceb\" data-element_type=\"widget\" data-widget_type=\"heading.default\">\n\t\t\t\t<div class=\"elementor-widget-container\">\n\t\t\t\t\t<h4 class=\"elementor-heading-title elementor-size-default\">Wiele os\u00f3b zastanawia si\u0119 jak wygl\u0105da pierwsza wizyta w gabinecie fizjoterapeuty oraz w jaki spos\u00f3b si\u0119 do niej przygotowa\u0107?\u00a0<\/h4>\t\t\t\t<\/div>\n\t\t\t\t<\/div>\n\t\t\t\t<div class=\"elementor-element elementor-element-756d3d5 elementor-widget elementor-widget-text-editor\" data-id=\"756d3d5\" data-element_type=\"widget\" data-widget_type=\"text-editor.default\">\n\t\t\t\t<div class=\"elementor-widget-container\">\n\t\t\t\t\t\t\t\t\t<p><span data-contrast=\"auto\">Celem indywidualnej terapii z fizjoterapeut\u0105 jest przywr\u00f3cenie pacjentowi sprawno\u015bci fizycznej. Do fizjoterapeuty zg\u0142aszaj\u0105 si\u0119 pacjenci po zabiegach i urazach ortopedycznych, po zabiegach chirurgicznych, jak r\u00f3wnie\u017c z dysfunkcjami narz\u0105du ruchu o pod\u0142o\u017cu neurologicznym\u00a0 oraz po pomoc\u00a0 po przebytej kontuzji. Odpowiednio dobran\u0105 terapi\u0105 fizjoterapeuta pomaga pacjentom eliminowa\u0107 b\u00f3l oraz przywr\u00f3ci\u0107 sprawno\u015b\u0107 ruchow\u0105.<\/span><span data-ccp-props=\"{&quot;134233117&quot;:true,&quot;134233118&quot;:true,&quot;201341983&quot;:0,&quot;335559740&quot;:240}\">\u00a0<\/span><\/p><h4><b><span data-contrast=\"auto\">Wywiad i badanie czynno\u015bciowe<\/span><\/b><span data-ccp-props=\"{&quot;134233117&quot;:true,&quot;134233118&quot;:true,&quot;201341983&quot;:0,&quot;335559740&quot;:240}\">\u00a0<\/span><\/h4><p><span data-contrast=\"auto\">Podczas konsultacji fizjoterapeutycznej w pierwszej kolejno\u015bci zbierany jest wywiad oraz przeprowadzane badanie czynno\u015bciowe pacjenta. Dzi\u0119ki szczeg\u00f3\u0142owej rozmowie z pacjentem ustalane s\u0105 dolegliwo\u015bci i ograniczenia pacjenta oraz czy istniej\u0105 symptomy, kt\u00f3re dla pacjenta mog\u0105 by\u0107 niepowi\u0105zane z problemem, ale dla fizjoterapeuty istotne w prowadzeniu terapii. Poznanie przebiegu choroby oraz dotychczas stosowanego leczenia jest bardzo wa\u017cne. Badanie czynno\u015bciowe ma za zadanie przedstawi\u0107 fizjoterapeucie prac\u0119 narz\u0105d\u00f3w ruchu pacjenta \u2013 pe\u0142no\u015b\u0107 zakresu ruchu oraz blokady i ograniczenia b\u00f3lowe poszczeg\u00f3lnych staw\u00f3w lub partii mi\u0119\u015bni. Jest to niezb\u0119dne do ustalenia planu terapii oraz jego intensywno\u015bci.<\/span><span data-ccp-props=\"{&quot;134233117&quot;:true,&quot;134233118&quot;:true,&quot;201341983&quot;:0,&quot;335559740&quot;:240}\">\u00a0<\/span><\/p>\t\t\t\t\t\t\t\t<\/div>\n\t\t\t\t<\/div>\n\t\t\t\t<\/div>\n\t\t<div class=\"elementor-element elementor-element-03c1a65 e-con-full e-flex e-con e-child\" data-id=\"03c1a65\" data-element_type=\"container\">\n\t\t\t\t<div class=\"elementor-element elementor-element-a404eca elementor-widget elementor-widget-image\" data-id=\"a404eca\" data-element_type=\"widget\" data-widget_type=\"image.default\">\n\t\t\t\t<div class=\"elementor-widget-container\">\n\t\t\t\t\t\t\t\t\t\t\t\t\t\t\t<img fetchpriority=\"high\" decoding=\"async\" width=\"927\" height=\"1200\" src=\"https:\/\/wojdowskifizjoterapia.pl\/wp-content\/uploads\/2025\/05\/konsultacja-fizjoterapeutyczna-wojdowski-927x1200.webp\" class=\"attachment-large size-large wp-image-382\" alt=\"\" srcset=\"https:\/\/wojdowskifizjoterapia.pl\/wp-content\/uploads\/2025\/05\/konsultacja-fizjoterapeutyczna-wojdowski-927x1200.webp 927w, https:\/\/wojdowskifizjoterapia.pl\/wp-content\/uploads\/2025\/05\/konsultacja-fizjoterapeutyczna-wojdowski-386x500.webp 386w, https:\/\/wojdowskifizjoterapia.pl\/wp-content\/uploads\/2025\/05\/konsultacja-fizjoterapeutyczna-wojdowski-232x300.webp 232w, https:\/\/wojdowskifizjoterapia.pl\/wp-content\/uploads\/2025\/05\/konsultacja-fizjoterapeutyczna-wojdowski-768x994.webp 768w, https:\/\/wojdowskifizjoterapia.pl\/wp-content\/uploads\/2025\/05\/konsultacja-fizjoterapeutyczna-wojdowski-58x75.webp 58w, https:\/\/wojdowskifizjoterapia.pl\/wp-content\/uploads\/2025\/05\/konsultacja-fizjoterapeutyczna-wojdowski-480x621.webp 480w, https:\/\/wojdowskifizjoterapia.pl\/wp-content\/uploads\/2025\/05\/konsultacja-fizjoterapeutyczna-wojdowski.webp 982w\" sizes=\"(max-width:767px) 480px, (max-width:927px) 100vw, 927px\" \/>\t\t\t\t\t\t\t\t\t\t\t\t\t\t\t<\/div>\n\t\t\t\t<\/div>\n\t\t\t\t<\/div>\n\t\t\t\t\t<\/div>\n\t\t\t\t<\/div>\n\t\t<div class=\"elementor-element elementor-element-dbda278 e-flex e-con-boxed e-con e-parent\" data-id=\"dbda278\" data-element_type=\"container\">\n\t\t\t\t\t<div class=\"e-con-inner\">\n\t\t<div class=\"elementor-element elementor-element-ac0b8ea e-con-full e-flex e-con e-child\" data-id=\"ac0b8ea\" data-element_type=\"container\">\n\t\t\t\t<div class=\"elementor-element elementor-element-59677e3 elementor-widget elementor-widget-text-editor\" data-id=\"59677e3\" data-element_type=\"widget\" data-widget_type=\"text-editor.default\">\n\t\t\t\t<div class=\"elementor-widget-container\">\n\t\t\t\t\t\t\t\t\t<h4>Terapia indywidualna\u00a0<\/h4><p><span data-contrast=\"auto\">Po przeprowadzeniu pe\u0142nej diagnostyki fizjoterapeutycznej i ustaleniu planu terapii przychodzi czas na rozpocz\u0119cie pracy. Na spotkanie z fizjoterapeut\u0105 warto mie\u0107 wygodny str\u00f3j z przewiewnych i niekr\u0119puj\u0105cych ruch\u00f3w tkanin. Podczas wykonywania \u0107wicze\u0144 fizjoterapeuta czuwa nad ich poprawno\u015bci\u0105 oraz koryguje wszelkie nieprawid\u0142owo\u015bci lub je\u015bli jest taka potrzeba zmienia stopie\u0144 ich nat\u0119\u017cenia. Po wizycie pacjent udaje si\u0119 do domu z instrukta\u017cem \u0107wicze\u0144 oraz zaleceniami pracy w\u0142asnej. Warto jednak terapi\u0119 prowadzi\u0107 pod okiem specjalisty, kt\u00f3ry na bie\u017c\u0105co oceni post\u0119py i efekty oraz zmodyfikuje \u0107wiczenia w oparciu o nie.<\/span><span data-ccp-props=\"{&quot;134233117&quot;:true,&quot;134233118&quot;:true,&quot;201341983&quot;:0,&quot;335559740&quot;:240}\">\u00a0<\/span><\/p>\t\t\t\t\t\t\t\t<\/div>\n\t\t\t\t<\/div>\n\t\t\t\t<div class=\"elementor-element elementor-element-915c292 scroll elementor-align-justify elementor-mobile-align-justify elementor-widget elementor-widget-button\" data-id=\"915c292\" data-element_type=\"widget\" data-widget_type=\"button.default\">\n\t\t\t\t<div class=\"elementor-widget-container\">\n\t\t\t\t\t\t\t\t\t<div class=\"elementor-button-wrapper\">\n\t\t\t\t\t<a class=\"elementor-button elementor-button-link elementor-size-sm\" href=\"https:\/\/wojdowskifizjoterapia.pl\/kontakt\/\">\n\t\t\t\t\t\t<span class=\"elementor-button-content-wrapper\">\n\t\t\t\t\t\t\t\t\t<span class=\"elementor-button-text\">Um\u00f3w spotkanie<\/span>\n\t\t\t\t\t<\/span>\n\t\t\t\t\t<\/a>\n\t\t\t\t<\/div>\n\t\t\t\t\t\t\t\t<\/div>\n\t\t\t\t<\/div>\n\t\t\t\t<\/div>\n\t\t\t\t\t<\/div>\n\t\t\t\t<\/div>\n\t\t\t\t<\/div>\n\t\t","protected":false},"excerpt":{"rendered":"<p>Konsultacja fizjoterapeutyczna Wiele os\u00f3b zastanawia si\u0119 jak wygl\u0105da pierwsza wizyta w gabinecie fizjoterapeuty oraz w jaki spos\u00f3b si\u0119 do niej przygotowa\u0107?\u00a0 Celem indywidualnej terapii z fizjoterapeut\u0105<span class=\"excerpt-hellip\"> [\u2026]<\/span><\/p>\n","protected":false},"author":1,"featured_media":0,"parent":346,"menu_order":0,"comment_status":"closed","ping_status":"closed","template":"","meta":{"footnotes":""},"class_list":["post-380","page","type-page","status-publish","hentry"],"_links":{"self":[{"href":"https:\/\/wojdowskifizjoterapia.pl\/index.php?rest_route=\/wp\/v2\/pages\/380","targetHints":{"allow":["GET"]}}],"collection":[{"href":"https:\/\/wojdowskifizjoterapia.pl\/index.php?rest_route=\/wp\/v2\/pages"}],"about":[{"href":"https:\/\/wojdowskifizjoterapia.pl\/index.php?rest_route=\/wp\/v2\/types\/page"}],"author":[{"embeddable":true,"href":"https:\/\/wojdowskifizjoterapia.pl\/index.php?rest_route=\/wp\/v2\/users\/1"}],"replies":[{"embeddable":true,"href":"https:\/\/wojdowskifizjoterapia.pl\/index.php?rest_route=%2Fwp%2Fv2%2Fcomments&post=380"}],"version-history":[{"count":7,"href":"https:\/\/wojdowskifizjoterapia.pl\/index.php?rest_route=\/wp\/v2\/pages\/380\/revisions"}],"predecessor-version":[{"id":391,"href":"https:\/\/wojdowskifizjoterapia.pl\/index.php?rest_route=\/wp\/v2\/pages\/380\/revisions\/391"}],"up":[{"embeddable":true,"href":"https:\/\/wojdowskifizjoterapia.pl\/index.php?rest_route=\/wp\/v2\/pages\/346"}],"wp:attachment":[{"href":"https:\/\/wojdowskifizjoterapia.pl\/index.php?rest_route=%2Fwp%2Fv2%2Fmedia&parent=380"}],"curies":[{"name":"wp","href":"https:\/\/api.w.org\/{rel}","templated":true}]}}