{"id":352,"date":"2025-05-26T15:10:32","date_gmt":"2025-05-26T13:10:32","guid":{"rendered":"https:\/\/wojdowskifizjoterapia.pl\/?page_id=352"},"modified":"2025-05-26T15:36:27","modified_gmt":"2025-05-26T13:36:27","slug":"o-mnie","status":"publish","type":"page","link":"https:\/\/wojdowskifizjoterapia.pl\/?page_id=352","title":{"rendered":"O mnie"},"content":{"rendered":"\t\t<div data-elementor-type=\"wp-page\" data-elementor-id=\"352\" class=\"elementor elementor-352\">\n\t\t\t\t\t\t<section class=\"elementor-section elementor-top-section elementor-element elementor-element-1454fc8 elementor-section-full_width elementor-section-height-default elementor-section-height-default\" data-id=\"1454fc8\" data-element_type=\"section\">\n\t\t\t\t\t\t<div class=\"elementor-container elementor-column-gap-default\">\n\t\t\t\t\t<div class=\"elementor-column elementor-col-100 elementor-top-column elementor-element elementor-element-f296df8\" data-id=\"f296df8\" data-element_type=\"column\" data-settings=\"{&quot;background_background&quot;:&quot;classic&quot;}\">\n\t\t\t<div class=\"elementor-widget-wrap elementor-element-populated\">\n\t\t\t\t\t\t<div class=\"elementor-element elementor-element-81ea64c elementor-widget elementor-widget-heading\" data-id=\"81ea64c\" data-element_type=\"widget\" data-widget_type=\"heading.default\">\n\t\t\t\t<div class=\"elementor-widget-container\">\n\t\t\t\t\t<h1 class=\"elementor-heading-title elementor-size-default\">O mnie<\/h1>\t\t\t\t<\/div>\n\t\t\t\t<\/div>\n\t\t\t\t\t<\/div>\n\t\t<\/div>\n\t\t\t\t\t<\/div>\n\t\t<\/section>\n\t\t\t\t<section class=\"elementor-section elementor-top-section elementor-element elementor-element-e0483d0 elementor-section-stretched elementor-section-boxed elementor-section-height-default elementor-section-height-default\" data-id=\"e0483d0\" data-element_type=\"section\" data-settings=\"{&quot;stretch_section&quot;:&quot;section-stretched&quot;}\">\n\t\t\t\t\t\t<div class=\"elementor-container elementor-column-gap-wider\">\n\t\t\t\t\t<div class=\"elementor-column elementor-col-50 elementor-top-column elementor-element elementor-element-15789a2\" data-id=\"15789a2\" data-element_type=\"column\">\n\t\t\t<div class=\"elementor-widget-wrap elementor-element-populated\">\n\t\t\t\t\t\t<div class=\"elementor-element elementor-element-2279b9d elementor-widget elementor-widget-text-editor\" data-id=\"2279b9d\" data-element_type=\"widget\" data-widget_type=\"text-editor.default\">\n\t\t\t\t<div class=\"elementor-widget-container\">\n\t\t\t\t\t\t\t\t\t<p data-start=\"1563\" data-end=\"1899\">Nazywam si\u0119 <strong data-start=\"1575\" data-end=\"1596\">Mariusz Wojdowski<\/strong>. Jestem dyplomowanym fizjoterapeut\u0105 z wieloletnim do\u015bwiadczeniem w pracy z pacjentami neurologicznymi i ortopedycznymi. Prowadz\u0119 mobiln\u0105 praktyk\u0119 fizjoterapeutyczn\u0105, kt\u00f3ra powsta\u0142a z my\u015bl\u0105 o osobach potrzebuj\u0105cych indywidualnej opieki, komfortu i skutecznej terapii \u2013 bez konieczno\u015bci opuszczania domu.<\/p><p data-start=\"1901\" data-end=\"1984\">Pracuj\u0119 w modelu wizyt domowych \u2013 to ja dostosowuj\u0119 si\u0119 do Ciebie, a nie odwrotnie.<\/p><p data-start=\"1986\" data-end=\"2250\">Pomagam pacjentom po urazach, operacjach, z chorobami neurologicznymi, a tak\u017ce tym, kt\u00f3rzy chc\u0105 poprawi\u0107 jako\u015b\u0107 \u017cycia dzi\u0119ki regularnej terapii i profilaktyce. Ka\u017cd\u0105 terapi\u0119 poprzedzam dok\u0142adnym wywiadem i badaniem, aby dostosowa\u0107 plan dzia\u0142ania do Twoich potrzeb.<\/p><p data-start=\"2252\" data-end=\"2380\">Wierz\u0119, \u017ce skuteczna fizjoterapia to nie tylko technika \u2013 to przede wszystkim relacja oparta na zaufaniu, zrozumieniu i empatii.<\/p><p data-start=\"2382\" data-end=\"2500\"><strong data-start=\"2382\" data-end=\"2500\">Dzia\u0142am na terenie Powiatu Leszczy\u0144skiego, Gosty\u0144skiego, Ko\u015bcia\u0144skiego, Rawickiego, G\u00f3rowskiego oraz Wschowskiego.<\/strong><\/p>\t\t\t\t\t\t\t\t<\/div>\n\t\t\t\t<\/div>\n\t\t\t\t<div class=\"elementor-element elementor-element-219518f elementor-widget elementor-widget-image\" data-id=\"219518f\" data-element_type=\"widget\" data-widget_type=\"image.default\">\n\t\t\t\t<div class=\"elementor-widget-container\">\n\t\t\t\t\t\t\t\t\t\t\t\t\t\t\t<img fetchpriority=\"high\" decoding=\"async\" width=\"1200\" height=\"800\" src=\"https:\/\/wojdowskifizjoterapia.pl\/wp-content\/uploads\/2025\/05\/fizjoterapia-mariusz-wojdowski-2-1200x800.webp\" class=\"attachment-large size-large wp-image-295\" alt=\"\" srcset=\"https:\/\/wojdowskifizjoterapia.pl\/wp-content\/uploads\/2025\/05\/fizjoterapia-mariusz-wojdowski-2-1200x800.webp 1200w, https:\/\/wojdowskifizjoterapia.pl\/wp-content\/uploads\/2025\/05\/fizjoterapia-mariusz-wojdowski-2-500x333.webp 500w, https:\/\/wojdowskifizjoterapia.pl\/wp-content\/uploads\/2025\/05\/fizjoterapia-mariusz-wojdowski-2-300x200.webp 300w, https:\/\/wojdowskifizjoterapia.pl\/wp-content\/uploads\/2025\/05\/fizjoterapia-mariusz-wojdowski-2-768x512.webp 768w, https:\/\/wojdowskifizjoterapia.pl\/wp-content\/uploads\/2025\/05\/fizjoterapia-mariusz-wojdowski-2-1536x1024.webp 1536w, https:\/\/wojdowskifizjoterapia.pl\/wp-content\/uploads\/2025\/05\/fizjoterapia-mariusz-wojdowski-2-113x75.webp 113w, https:\/\/wojdowskifizjoterapia.pl\/wp-content\/uploads\/2025\/05\/fizjoterapia-mariusz-wojdowski-2-480x320.webp 480w, https:\/\/wojdowskifizjoterapia.pl\/wp-content\/uploads\/2025\/05\/fizjoterapia-mariusz-wojdowski-2.webp 1980w\" sizes=\"(max-width:767px) 480px, (max-width:1200px) 100vw, 1200px\" \/>\t\t\t\t\t\t\t\t\t\t\t\t\t\t\t<\/div>\n\t\t\t\t<\/div>\n\t\t\t\t<div class=\"elementor-element elementor-element-a60e8f0 scroll elementor-align-justify elementor-mobile-align-justify elementor-widget elementor-widget-button\" data-id=\"a60e8f0\" data-element_type=\"widget\" data-widget_type=\"button.default\">\n\t\t\t\t<div class=\"elementor-widget-container\">\n\t\t\t\t\t\t\t\t\t<div class=\"elementor-button-wrapper\">\n\t\t\t\t\t<a class=\"elementor-button elementor-button-link elementor-size-sm\" href=\"https:\/\/wojdowskifizjoterapia.pl\/kontakt\/\">\n\t\t\t\t\t\t<span class=\"elementor-button-content-wrapper\">\n\t\t\t\t\t\t\t\t\t<span class=\"elementor-button-text\">Um\u00f3w spotkanie<\/span>\n\t\t\t\t\t<\/span>\n\t\t\t\t\t<\/a>\n\t\t\t\t<\/div>\n\t\t\t\t\t\t\t\t<\/div>\n\t\t\t\t<\/div>\n\t\t\t\t\t<\/div>\n\t\t<\/div>\n\t\t\t\t<div class=\"elementor-column elementor-col-50 elementor-top-column elementor-element elementor-element-3d5b2f5\" data-id=\"3d5b2f5\" data-element_type=\"column\">\n\t\t\t<div class=\"elementor-widget-wrap elementor-element-populated\">\n\t\t\t\t\t\t<div class=\"elementor-element elementor-element-d641c50 elementor-widget elementor-widget-image\" data-id=\"d641c50\" data-element_type=\"widget\" data-widget_type=\"image.default\">\n\t\t\t\t<div class=\"elementor-widget-container\">\n\t\t\t\t\t\t\t\t\t\t\t\t\t\t\t<img decoding=\"async\" width=\"1200\" height=\"800\" src=\"https:\/\/wojdowskifizjoterapia.pl\/wp-content\/uploads\/2025\/05\/fizjoterapia-mariusz-wojdowski-5-1200x800.webp\" class=\"attachment-large size-large wp-image-292\" alt=\"\" srcset=\"https:\/\/wojdowskifizjoterapia.pl\/wp-content\/uploads\/2025\/05\/fizjoterapia-mariusz-wojdowski-5-1200x800.webp 1200w, https:\/\/wojdowskifizjoterapia.pl\/wp-content\/uploads\/2025\/05\/fizjoterapia-mariusz-wojdowski-5-500x333.webp 500w, https:\/\/wojdowskifizjoterapia.pl\/wp-content\/uploads\/2025\/05\/fizjoterapia-mariusz-wojdowski-5-300x200.webp 300w, https:\/\/wojdowskifizjoterapia.pl\/wp-content\/uploads\/2025\/05\/fizjoterapia-mariusz-wojdowski-5-768x512.webp 768w, https:\/\/wojdowskifizjoterapia.pl\/wp-content\/uploads\/2025\/05\/fizjoterapia-mariusz-wojdowski-5-1536x1024.webp 1536w, https:\/\/wojdowskifizjoterapia.pl\/wp-content\/uploads\/2025\/05\/fizjoterapia-mariusz-wojdowski-5-113x75.webp 113w, https:\/\/wojdowskifizjoterapia.pl\/wp-content\/uploads\/2025\/05\/fizjoterapia-mariusz-wojdowski-5-480x320.webp 480w, https:\/\/wojdowskifizjoterapia.pl\/wp-content\/uploads\/2025\/05\/fizjoterapia-mariusz-wojdowski-5.webp 1980w\" sizes=\"(max-width:767px) 480px, (max-width:1200px) 100vw, 1200px\" \/>\t\t\t\t\t\t\t\t\t\t\t\t\t\t\t<\/div>\n\t\t\t\t<\/div>\n\t\t\t\t<div class=\"elementor-element elementor-element-fcf4257 elementor-widget elementor-widget-heading\" data-id=\"fcf4257\" data-element_type=\"widget\" data-widget_type=\"heading.default\">\n\t\t\t\t<div class=\"elementor-widget-container\">\n\t\t\t\t\t<h4 class=\"elementor-heading-title elementor-size-default\">Moje podej\u015bcie do terapii<\/h4>\t\t\t\t<\/div>\n\t\t\t\t<\/div>\n\t\t\t\t<div class=\"elementor-element elementor-element-4daf17b elementor-widget elementor-widget-text-editor\" data-id=\"4daf17b\" data-element_type=\"widget\" data-widget_type=\"text-editor.default\">\n\t\t\t\t<div class=\"elementor-widget-container\">\n\t\t\t\t\t\t\t\t\t<p data-start=\"302\" data-end=\"631\">Ka\u017cda wizyta to dla mnie co\u015b wi\u0119cej ni\u017c tylko zestaw \u0107wicze\u0144 czy technik. To spotkanie cz\u0142owieka z cz\u0142owiekiem. Skuteczna terapia wymaga uwa\u017cno\u015bci, zrozumienia i elastyczno\u015bci. Dlatego nie bazuj\u0119 wy\u0142\u0105cznie na szablonach \u2013 ka\u017cda osoba, z kt\u00f3r\u0105 pracuj\u0119, otrzymuje indywidualnie dopasowany plan i pe\u0142ne zaanga\u017cowanie z mojej strony.<\/p>\t\t\t\t\t\t\t\t<\/div>\n\t\t\t\t<\/div>\n\t\t\t\t<div class=\"elementor-element elementor-element-5b51a1d elementor-widget-divider--view-line elementor-widget elementor-widget-divider\" data-id=\"5b51a1d\" data-element_type=\"widget\" data-widget_type=\"divider.default\">\n\t\t\t\t<div class=\"elementor-widget-container\">\n\t\t\t\t\t\t\t<div class=\"elementor-divider\">\n\t\t\t<span class=\"elementor-divider-separator\">\n\t\t\t\t\t\t<\/span>\n\t\t<\/div>\n\t\t\t\t\t\t<\/div>\n\t\t\t\t<\/div>\n\t\t\t\t<div class=\"elementor-element elementor-element-b164433 elementor-widget elementor-widget-heading\" data-id=\"b164433\" data-element_type=\"widget\" data-widget_type=\"heading.default\">\n\t\t\t\t<div class=\"elementor-widget-container\">\n\t\t\t\t\t<h4 class=\"elementor-heading-title elementor-size-default\">Mobilna fizjoterapia \u2013 dlaczego warto?<\/h4>\t\t\t\t<\/div>\n\t\t\t\t<\/div>\n\t\t\t\t<div class=\"elementor-element elementor-element-16cdfd0 elementor-widget elementor-widget-text-editor\" data-id=\"16cdfd0\" data-element_type=\"widget\" data-widget_type=\"text-editor.default\">\n\t\t\t\t<div class=\"elementor-widget-container\">\n\t\t\t\t\t\t\t\t\t<p data-start=\"689\" data-end=\"1014\">Wizyty domowe to wygoda, oszcz\u0119dno\u015b\u0107 czasu i mo\u017cliwo\u015b\u0107 prowadzenia terapii w znanym, komfortowym otoczeniu. Dzi\u0119ki temu wielu pacjent\u00f3w \u0142atwiej si\u0119 rozlu\u017ania, lepiej wsp\u00f3\u0142pracuje, a sam proces terapii przebiega bardziej naturalnie. To idealne rozwi\u0105zanie zar\u00f3wno dla os\u00f3b zapracowanych, jak i tych z ograniczeniami ruchowymi.<\/p>\t\t\t\t\t\t\t\t<\/div>\n\t\t\t\t<\/div>\n\t\t\t\t<div class=\"elementor-element elementor-element-bdf34fd elementor-widget-divider--view-line elementor-widget elementor-widget-divider\" data-id=\"bdf34fd\" data-element_type=\"widget\" data-widget_type=\"divider.default\">\n\t\t\t\t<div class=\"elementor-widget-container\">\n\t\t\t\t\t\t\t<div class=\"elementor-divider\">\n\t\t\t<span class=\"elementor-divider-separator\">\n\t\t\t\t\t\t<\/span>\n\t\t<\/div>\n\t\t\t\t\t\t<\/div>\n\t\t\t\t<\/div>\n\t\t\t\t<div class=\"elementor-element elementor-element-0ea5829 elementor-widget elementor-widget-heading\" data-id=\"0ea5829\" data-element_type=\"widget\" data-widget_type=\"heading.default\">\n\t\t\t\t<div class=\"elementor-widget-container\">\n\t\t\t\t\t<h4 class=\"elementor-heading-title elementor-size-default\">Nowoczesne metody \u2013 tradycja i technologia<\/h4>\t\t\t\t<\/div>\n\t\t\t\t<\/div>\n\t\t\t\t<div class=\"elementor-element elementor-element-f7bb29a elementor-widget elementor-widget-text-editor\" data-id=\"f7bb29a\" data-element_type=\"widget\" data-widget_type=\"text-editor.default\">\n\t\t\t\t<div class=\"elementor-widget-container\">\n\t\t\t\t\t\t\t\t\t<p data-start=\"1074\" data-end=\"1089\">Obok sprawdzonych metod fizjoterapeutycznych stosuj\u0119 r\u00f3wnie\u017c nowoczesne techniki wspomagaj\u0105ce uk\u0142ad nerwowy, takie jak <strong data-start=\"1617\" data-end=\"1650\">mikropolaryzacja m\u00f3zgu (tDCS)<\/strong>. To metoda nieinwazyjna, bezpieczna i skuteczna, szczeg\u00f3lnie u pacjent\u00f3w z deficytami neurologicznymi, problemami koncentracji czy zaburzeniami rozwoju.<\/p>\t\t\t\t\t\t\t\t<\/div>\n\t\t\t\t<\/div>\n\t\t\t\t\t<\/div>\n\t\t<\/div>\n\t\t\t\t\t<\/div>\n\t\t<\/section>\n\t\t\t\t<\/div>\n\t\t","protected":false},"excerpt":{"rendered":"<p>O mnie Nazywam si\u0119 Mariusz Wojdowski. Jestem dyplomowanym fizjoterapeut\u0105 z wieloletnim do\u015bwiadczeniem w pracy z pacjentami neurologicznymi i ortopedycznymi. Prowadz\u0119 mobiln\u0105 praktyk\u0119 fizjoterapeutyczn\u0105, kt\u00f3ra powsta\u0142a z<span class=\"excerpt-hellip\"> [\u2026]<\/span><\/p>\n","protected":false},"author":1,"featured_media":0,"parent":0,"menu_order":0,"comment_status":"closed","ping_status":"closed","template":"","meta":{"footnotes":""},"class_list":["post-352","page","type-page","status-publish","hentry"],"_links":{"self":[{"href":"https:\/\/wojdowskifizjoterapia.pl\/index.php?rest_route=\/wp\/v2\/pages\/352","targetHints":{"allow":["GET"]}}],"collection":[{"href":"https:\/\/wojdowskifizjoterapia.pl\/index.php?rest_route=\/wp\/v2\/pages"}],"about":[{"href":"https:\/\/wojdowskifizjoterapia.pl\/index.php?rest_route=\/wp\/v2\/types\/page"}],"author":[{"embeddable":true,"href":"https:\/\/wojdowskifizjoterapia.pl\/index.php?rest_route=\/wp\/v2\/users\/1"}],"replies":[{"embeddable":true,"href":"https:\/\/wojdowskifizjoterapia.pl\/index.php?rest_route=%2Fwp%2Fv2%2Fcomments&post=352"}],"version-history":[{"count":10,"href":"https:\/\/wojdowskifizjoterapia.pl\/index.php?rest_route=\/wp\/v2\/pages\/352\/revisions"}],"predecessor-version":[{"id":385,"href":"https:\/\/wojdowskifizjoterapia.pl\/index.php?rest_route=\/wp\/v2\/pages\/352\/revisions\/385"}],"wp:attachment":[{"href":"https:\/\/wojdowskifizjoterapia.pl\/index.php?rest_route=%2Fwp%2Fv2%2Fmedia&parent=352"}],"curies":[{"name":"wp","href":"https:\/\/api.w.org\/{rel}","templated":true}]}}