{"id":346,"date":"2025-05-26T15:03:39","date_gmt":"2025-05-26T13:03:39","guid":{"rendered":"https:\/\/wojdowskifizjoterapia.pl\/?page_id=346"},"modified":"2025-05-26T15:46:08","modified_gmt":"2025-05-26T13:46:08","slug":"oferta","status":"publish","type":"page","link":"https:\/\/wojdowskifizjoterapia.pl\/?page_id=346","title":{"rendered":"Oferta"},"content":{"rendered":"\t\t<div data-elementor-type=\"wp-page\" data-elementor-id=\"346\" class=\"elementor elementor-346\">\n\t\t\t\t\t\t<section class=\"elementor-section elementor-top-section elementor-element elementor-element-2d7eba4 elementor-section-full_width elementor-section-height-default elementor-section-height-default\" data-id=\"2d7eba4\" data-element_type=\"section\">\n\t\t\t\t\t\t<div class=\"elementor-container elementor-column-gap-default\">\n\t\t\t\t\t<div class=\"elementor-column elementor-col-100 elementor-top-column elementor-element elementor-element-cb30d32\" data-id=\"cb30d32\" data-element_type=\"column\" data-settings=\"{&quot;background_background&quot;:&quot;classic&quot;}\">\n\t\t\t<div class=\"elementor-widget-wrap elementor-element-populated\">\n\t\t\t\t\t\t<div class=\"elementor-element elementor-element-0f5ee95 elementor-widget elementor-widget-heading\" data-id=\"0f5ee95\" data-element_type=\"widget\" data-widget_type=\"heading.default\">\n\t\t\t\t<div class=\"elementor-widget-container\">\n\t\t\t\t\t<h1 class=\"elementor-heading-title elementor-size-default\">Oferta<\/h1>\t\t\t\t<\/div>\n\t\t\t\t<\/div>\n\t\t\t\t\t<\/div>\n\t\t<\/div>\n\t\t\t\t\t<\/div>\n\t\t<\/section>\n\t\t\t\t<section class=\"elementor-section elementor-top-section elementor-element elementor-element-6a4d72a elementor-section-stretched elementor-section-boxed elementor-section-height-default elementor-section-height-default\" data-id=\"6a4d72a\" data-element_type=\"section\" data-settings=\"{&quot;stretch_section&quot;:&quot;section-stretched&quot;,&quot;background_background&quot;:&quot;classic&quot;}\">\n\t\t\t\t\t\t<div class=\"elementor-container elementor-column-gap-wider\">\n\t\t\t\t\t<div class=\"elementor-column elementor-col-100 elementor-top-column elementor-element elementor-element-dbd09f0\" data-id=\"dbd09f0\" data-element_type=\"column\">\n\t\t\t<div class=\"elementor-widget-wrap elementor-element-populated\">\n\t\t\t\t\t\t<section class=\"elementor-section elementor-inner-section elementor-element elementor-element-a874763 elementor-section-boxed elementor-section-height-default elementor-section-height-default\" data-id=\"a874763\" data-element_type=\"section\">\n\t\t\t\t\t\t<div class=\"elementor-container elementor-column-gap-default\">\n\t\t\t\t\t<div class=\"elementor-column elementor-col-50 elementor-inner-column elementor-element elementor-element-64ed9c2\" data-id=\"64ed9c2\" data-element_type=\"column\">\n\t\t\t<div class=\"elementor-widget-wrap elementor-element-populated\">\n\t\t\t\t\t\t<div class=\"elementor-element elementor-element-fa6b626 elementor-widget__width-auto elementor-widget elementor-widget-heading\" data-id=\"fa6b626\" data-element_type=\"widget\" data-widget_type=\"heading.default\">\n\t\t\t\t<div class=\"elementor-widget-container\">\n\t\t\t\t\t<h6 class=\"elementor-heading-title elementor-size-default\">OFERTA<\/h6>\t\t\t\t<\/div>\n\t\t\t\t<\/div>\n\t\t\t\t<div class=\"elementor-element elementor-element-95b0701 elementor-widget elementor-widget-heading\" data-id=\"95b0701\" data-element_type=\"widget\" data-widget_type=\"heading.default\">\n\t\t\t\t<div class=\"elementor-widget-container\">\n\t\t\t\t\t<h3 class=\"elementor-heading-title elementor-size-default\">Ka\u017cdy pacjent to inna historia, dlatego moja oferta zosta\u0142a przygotowana tak, by odpowiada\u0107 na konkretne potrzeby \u2013 od diagnostyki, przez leczenie b\u00f3lu, a\u017c po wspomaganie regeneracji i profilaktyk\u0119.<\/h3>\t\t\t\t<\/div>\n\t\t\t\t<\/div>\n\t\t\t\t\t<\/div>\n\t\t<\/div>\n\t\t\t\t<div class=\"elementor-column elementor-col-50 elementor-inner-column elementor-element elementor-element-5f15686 elementor-hidden-mobile\" data-id=\"5f15686\" data-element_type=\"column\">\n\t\t\t<div class=\"elementor-widget-wrap elementor-element-populated\">\n\t\t\t\t\t\t<div class=\"elementor-element elementor-element-f9bbd06 elementor-widget elementor-widget-image\" data-id=\"f9bbd06\" data-element_type=\"widget\" data-widget_type=\"image.default\">\n\t\t\t\t<div class=\"elementor-widget-container\">\n\t\t\t\t\t\t\t\t\t\t\t\t\t\t\t<img fetchpriority=\"high\" decoding=\"async\" width=\"356\" height=\"356\" src=\"https:\/\/wojdowskifizjoterapia.pl\/wp-content\/uploads\/2025\/05\/favicon.png\" class=\"attachment-large size-large wp-image-318\" alt=\"\" srcset=\"https:\/\/wojdowskifizjoterapia.pl\/wp-content\/uploads\/2025\/05\/favicon.png 356w, https:\/\/wojdowskifizjoterapia.pl\/wp-content\/uploads\/2025\/05\/favicon-300x300.png 300w, https:\/\/wojdowskifizjoterapia.pl\/wp-content\/uploads\/2025\/05\/favicon-150x150.png 150w, https:\/\/wojdowskifizjoterapia.pl\/wp-content\/uploads\/2025\/05\/favicon-75x75.png 75w\" sizes=\"(max-width:767px) 356px, 356px\" \/>\t\t\t\t\t\t\t\t\t\t\t\t\t\t\t<\/div>\n\t\t\t\t<\/div>\n\t\t\t\t\t<\/div>\n\t\t<\/div>\n\t\t\t\t\t<\/div>\n\t\t<\/section>\n\t\t\t\t<section class=\"elementor-section elementor-inner-section elementor-element elementor-element-83eeea4 elementor-section-boxed elementor-section-height-default elementor-section-height-default\" data-id=\"83eeea4\" data-element_type=\"section\">\n\t\t\t\t\t\t<div class=\"elementor-container elementor-column-gap-default\">\n\t\t\t\t\t<div class=\"make-column-clickable-elementor elementor-column elementor-col-25 elementor-inner-column elementor-element elementor-element-ad773fa elementor-invisible\" style=\"cursor: pointer;\" data-column-clickable=\"https:\/\/wojdowskifizjoterapia.pl\/oferta\/konsultacja-fizjoterapeutyczna\/\" data-column-clickable-blank=\"_self\" data-id=\"ad773fa\" data-element_type=\"column\" data-settings=\"{&quot;animation&quot;:&quot;fadeInUp&quot;}\">\n\t\t\t<div class=\"elementor-widget-wrap elementor-element-populated\">\n\t\t\t\t\t\t<div class=\"elementor-element elementor-element-2c83bc0 elementor-widget elementor-widget-image\" data-id=\"2c83bc0\" data-element_type=\"widget\" data-widget_type=\"image.default\">\n\t\t\t\t<div class=\"elementor-widget-container\">\n\t\t\t\t\t\t\t\t\t\t\t\t\t\t\t<img decoding=\"async\" width=\"927\" height=\"1200\" src=\"https:\/\/wojdowskifizjoterapia.pl\/wp-content\/uploads\/2025\/05\/konsultacja-fizjoterapeutyczna-wojdowski-927x1200.webp\" class=\"attachment-large size-large wp-image-382\" alt=\"\" srcset=\"https:\/\/wojdowskifizjoterapia.pl\/wp-content\/uploads\/2025\/05\/konsultacja-fizjoterapeutyczna-wojdowski-927x1200.webp 927w, https:\/\/wojdowskifizjoterapia.pl\/wp-content\/uploads\/2025\/05\/konsultacja-fizjoterapeutyczna-wojdowski-386x500.webp 386w, https:\/\/wojdowskifizjoterapia.pl\/wp-content\/uploads\/2025\/05\/konsultacja-fizjoterapeutyczna-wojdowski-232x300.webp 232w, https:\/\/wojdowskifizjoterapia.pl\/wp-content\/uploads\/2025\/05\/konsultacja-fizjoterapeutyczna-wojdowski-768x994.webp 768w, https:\/\/wojdowskifizjoterapia.pl\/wp-content\/uploads\/2025\/05\/konsultacja-fizjoterapeutyczna-wojdowski-58x75.webp 58w, https:\/\/wojdowskifizjoterapia.pl\/wp-content\/uploads\/2025\/05\/konsultacja-fizjoterapeutyczna-wojdowski-480x621.webp 480w, https:\/\/wojdowskifizjoterapia.pl\/wp-content\/uploads\/2025\/05\/konsultacja-fizjoterapeutyczna-wojdowski.webp 982w\" sizes=\"(max-width:767px) 480px, (max-width:927px) 100vw, 927px\" \/>\t\t\t\t\t\t\t\t\t\t\t\t\t\t\t<\/div>\n\t\t\t\t<\/div>\n\t\t\t\t<div class=\"elementor-element elementor-element-8df0241 elementor-widget elementor-widget-heading\" data-id=\"8df0241\" data-element_type=\"widget\" data-widget_type=\"heading.default\">\n\t\t\t\t<div class=\"elementor-widget-container\">\n\t\t\t\t\t<h5 class=\"elementor-heading-title elementor-size-default\">Konsultacja <br>fizjoterapeutyczna<\/h5>\t\t\t\t<\/div>\n\t\t\t\t<\/div>\n\t\t\t\t\t<\/div>\n\t\t<\/div>\n\t\t\t\t<div class=\"make-column-clickable-elementor elementor-column elementor-col-25 elementor-inner-column elementor-element elementor-element-9534f46 elementor-invisible\" style=\"cursor: pointer;\" data-column-clickable=\"https:\/\/wojdowskifizjoterapia.pl\/oferta\/terapia-tdcs-mikropolaryzacja-mozgu\/\" data-column-clickable-blank=\"_self\" data-id=\"9534f46\" data-element_type=\"column\" data-settings=\"{&quot;animation&quot;:&quot;fadeInUp&quot;}\">\n\t\t\t<div class=\"elementor-widget-wrap elementor-element-populated\">\n\t\t\t\t\t\t<div class=\"elementor-element elementor-element-a802b91 elementor-widget elementor-widget-image\" data-id=\"a802b91\" data-element_type=\"widget\" data-widget_type=\"image.default\">\n\t\t\t\t<div class=\"elementor-widget-container\">\n\t\t\t\t\t\t\t\t\t\t\t\t\t\t\t<img decoding=\"async\" width=\"1200\" height=\"676\" src=\"https:\/\/wojdowskifizjoterapia.pl\/wp-content\/uploads\/2025\/05\/tDCS-mikropolaryzacja-mozgu-wojdowski-1200x676.webp\" class=\"attachment-large size-large wp-image-395\" alt=\"\" srcset=\"https:\/\/wojdowskifizjoterapia.pl\/wp-content\/uploads\/2025\/05\/tDCS-mikropolaryzacja-mozgu-wojdowski-1200x676.webp 1200w, https:\/\/wojdowskifizjoterapia.pl\/wp-content\/uploads\/2025\/05\/tDCS-mikropolaryzacja-mozgu-wojdowski-500x282.webp 500w, https:\/\/wojdowskifizjoterapia.pl\/wp-content\/uploads\/2025\/05\/tDCS-mikropolaryzacja-mozgu-wojdowski-300x169.webp 300w, https:\/\/wojdowskifizjoterapia.pl\/wp-content\/uploads\/2025\/05\/tDCS-mikropolaryzacja-mozgu-wojdowski-768x432.webp 768w, https:\/\/wojdowskifizjoterapia.pl\/wp-content\/uploads\/2025\/05\/tDCS-mikropolaryzacja-mozgu-wojdowski-133x75.webp 133w, https:\/\/wojdowskifizjoterapia.pl\/wp-content\/uploads\/2025\/05\/tDCS-mikropolaryzacja-mozgu-wojdowski-480x270.webp 480w, https:\/\/wojdowskifizjoterapia.pl\/wp-content\/uploads\/2025\/05\/tDCS-mikropolaryzacja-mozgu-wojdowski.webp 1238w\" sizes=\"(max-width:767px) 480px, (max-width:1200px) 100vw, 1200px\" \/>\t\t\t\t\t\t\t\t\t\t\t\t\t\t\t<\/div>\n\t\t\t\t<\/div>\n\t\t\t\t<div class=\"elementor-element elementor-element-dd30110 elementor-widget elementor-widget-heading\" data-id=\"dd30110\" data-element_type=\"widget\" data-widget_type=\"heading.default\">\n\t\t\t\t<div class=\"elementor-widget-container\">\n\t\t\t\t\t<h5 class=\"elementor-heading-title elementor-size-default\">Terapia tDCS  - Mikropolaryzacja m\u00f3zgu<\/h5>\t\t\t\t<\/div>\n\t\t\t\t<\/div>\n\t\t\t\t\t<\/div>\n\t\t<\/div>\n\t\t\t\t<div class=\"make-column-clickable-elementor elementor-column elementor-col-25 elementor-inner-column elementor-element elementor-element-6b3d643 elementor-invisible\" style=\"cursor: pointer;\" data-column-clickable=\"https:\/\/wojdowskifizjoterapia.pl\/oferta\/masaz-klasyczny\/\" data-column-clickable-blank=\"_self\" data-id=\"6b3d643\" data-element_type=\"column\" data-settings=\"{&quot;animation&quot;:&quot;fadeInUp&quot;}\">\n\t\t\t<div class=\"elementor-widget-wrap elementor-element-populated\">\n\t\t\t\t\t\t<div class=\"elementor-element elementor-element-a03db42 elementor-widget elementor-widget-image\" data-id=\"a03db42\" data-element_type=\"widget\" data-widget_type=\"image.default\">\n\t\t\t\t<div class=\"elementor-widget-container\">\n\t\t\t\t\t\t\t\t\t\t\t\t\t\t\t<img loading=\"lazy\" decoding=\"async\" width=\"1200\" height=\"800\" src=\"https:\/\/wojdowskifizjoterapia.pl\/wp-content\/uploads\/2025\/05\/fizjoterapia-mariusz-wojdowski-2-1200x800.webp\" class=\"attachment-large size-large wp-image-295\" alt=\"\" srcset=\"https:\/\/wojdowskifizjoterapia.pl\/wp-content\/uploads\/2025\/05\/fizjoterapia-mariusz-wojdowski-2-1200x800.webp 1200w, https:\/\/wojdowskifizjoterapia.pl\/wp-content\/uploads\/2025\/05\/fizjoterapia-mariusz-wojdowski-2-500x333.webp 500w, https:\/\/wojdowskifizjoterapia.pl\/wp-content\/uploads\/2025\/05\/fizjoterapia-mariusz-wojdowski-2-300x200.webp 300w, https:\/\/wojdowskifizjoterapia.pl\/wp-content\/uploads\/2025\/05\/fizjoterapia-mariusz-wojdowski-2-768x512.webp 768w, https:\/\/wojdowskifizjoterapia.pl\/wp-content\/uploads\/2025\/05\/fizjoterapia-mariusz-wojdowski-2-1536x1024.webp 1536w, https:\/\/wojdowskifizjoterapia.pl\/wp-content\/uploads\/2025\/05\/fizjoterapia-mariusz-wojdowski-2-113x75.webp 113w, https:\/\/wojdowskifizjoterapia.pl\/wp-content\/uploads\/2025\/05\/fizjoterapia-mariusz-wojdowski-2-480x320.webp 480w, https:\/\/wojdowskifizjoterapia.pl\/wp-content\/uploads\/2025\/05\/fizjoterapia-mariusz-wojdowski-2.webp 1980w\" sizes=\"(max-width:767px) 480px, (max-width:1200px) 100vw, 1200px\" \/>\t\t\t\t\t\t\t\t\t\t\t\t\t\t\t<\/div>\n\t\t\t\t<\/div>\n\t\t\t\t<div class=\"elementor-element elementor-element-1039c1b elementor-widget elementor-widget-heading\" data-id=\"1039c1b\" data-element_type=\"widget\" data-widget_type=\"heading.default\">\n\t\t\t\t<div class=\"elementor-widget-container\">\n\t\t\t\t\t<h5 class=\"elementor-heading-title elementor-size-default\">Masa\u017c<br> klasyczny<\/h5>\t\t\t\t<\/div>\n\t\t\t\t<\/div>\n\t\t\t\t\t<\/div>\n\t\t<\/div>\n\t\t\t\t<div class=\"make-column-clickable-elementor elementor-column elementor-col-25 elementor-inner-column elementor-element elementor-element-e7a4dca elementor-invisible\" style=\"cursor: pointer;\" data-column-clickable=\"https:\/\/wojdowskifizjoterapia.pl\/oferta\/cwiczenia-indywidualne-z-pacjentem\/\" data-column-clickable-blank=\"_self\" data-id=\"e7a4dca\" data-element_type=\"column\" data-settings=\"{&quot;animation&quot;:&quot;fadeInUp&quot;}\">\n\t\t\t<div class=\"elementor-widget-wrap elementor-element-populated\">\n\t\t\t\t\t\t<div class=\"elementor-element elementor-element-19fd03d elementor-widget elementor-widget-image\" data-id=\"19fd03d\" data-element_type=\"widget\" data-widget_type=\"image.default\">\n\t\t\t\t<div class=\"elementor-widget-container\">\n\t\t\t\t\t\t\t\t\t\t\t\t\t\t\t<img loading=\"lazy\" decoding=\"async\" width=\"1200\" height=\"800\" src=\"https:\/\/wojdowskifizjoterapia.pl\/wp-content\/uploads\/2025\/05\/fizjoterapia-mariusz-wojdowski-3-1200x800.webp\" class=\"attachment-large size-large wp-image-296\" alt=\"\" srcset=\"https:\/\/wojdowskifizjoterapia.pl\/wp-content\/uploads\/2025\/05\/fizjoterapia-mariusz-wojdowski-3-1200x800.webp 1200w, https:\/\/wojdowskifizjoterapia.pl\/wp-content\/uploads\/2025\/05\/fizjoterapia-mariusz-wojdowski-3-500x333.webp 500w, https:\/\/wojdowskifizjoterapia.pl\/wp-content\/uploads\/2025\/05\/fizjoterapia-mariusz-wojdowski-3-300x200.webp 300w, https:\/\/wojdowskifizjoterapia.pl\/wp-content\/uploads\/2025\/05\/fizjoterapia-mariusz-wojdowski-3-768x512.webp 768w, https:\/\/wojdowskifizjoterapia.pl\/wp-content\/uploads\/2025\/05\/fizjoterapia-mariusz-wojdowski-3-112x75.webp 112w, https:\/\/wojdowskifizjoterapia.pl\/wp-content\/uploads\/2025\/05\/fizjoterapia-mariusz-wojdowski-3-480x320.webp 480w, https:\/\/wojdowskifizjoterapia.pl\/wp-content\/uploads\/2025\/05\/fizjoterapia-mariusz-wojdowski-3.webp 1513w\" sizes=\"(max-width:767px) 480px, (max-width:1200px) 100vw, 1200px\" \/>\t\t\t\t\t\t\t\t\t\t\t\t\t\t\t<\/div>\n\t\t\t\t<\/div>\n\t\t\t\t<div class=\"elementor-element elementor-element-ca3b826 elementor-widget elementor-widget-heading\" data-id=\"ca3b826\" data-element_type=\"widget\" data-widget_type=\"heading.default\">\n\t\t\t\t<div class=\"elementor-widget-container\">\n\t\t\t\t\t<h5 class=\"elementor-heading-title elementor-size-default\">\u0106wiczenia indywidualne z pacjentem<\/h5>\t\t\t\t<\/div>\n\t\t\t\t<\/div>\n\t\t\t\t\t<\/div>\n\t\t<\/div>\n\t\t\t\t\t<\/div>\n\t\t<\/section>\n\t\t\t\t\t<\/div>\n\t\t<\/div>\n\t\t\t\t\t<\/div>\n\t\t<\/section>\n\t\t\t\t<\/div>\n\t\t","protected":false},"excerpt":{"rendered":"<p>Oferta OFERTA Ka\u017cdy pacjent to inna historia, dlatego moja oferta zosta\u0142a przygotowana tak, by odpowiada\u0107 na konkretne potrzeby \u2013 od diagnostyki, przez leczenie b\u00f3lu, a\u017c po<span class=\"excerpt-hellip\"> [\u2026]<\/span><\/p>\n","protected":false},"author":1,"featured_media":0,"parent":0,"menu_order":0,"comment_status":"closed","ping_status":"closed","template":"","meta":{"footnotes":""},"class_list":["post-346","page","type-page","status-publish","hentry"],"_links":{"self":[{"href":"https:\/\/wojdowskifizjoterapia.pl\/index.php?rest_route=\/wp\/v2\/pages\/346","targetHints":{"allow":["GET"]}}],"collection":[{"href":"https:\/\/wojdowskifizjoterapia.pl\/index.php?rest_route=\/wp\/v2\/pages"}],"about":[{"href":"https:\/\/wojdowskifizjoterapia.pl\/index.php?rest_route=\/wp\/v2\/types\/page"}],"author":[{"embeddable":true,"href":"https:\/\/wojdowskifizjoterapia.pl\/index.php?rest_route=\/wp\/v2\/users\/1"}],"replies":[{"embeddable":true,"href":"https:\/\/wojdowskifizjoterapia.pl\/index.php?rest_route=%2Fwp%2Fv2%2Fcomments&post=346"}],"version-history":[{"count":13,"href":"https:\/\/wojdowskifizjoterapia.pl\/index.php?rest_route=\/wp\/v2\/pages\/346\/revisions"}],"predecessor-version":[{"id":420,"href":"https:\/\/wojdowskifizjoterapia.pl\/index.php?rest_route=\/wp\/v2\/pages\/346\/revisions\/420"}],"wp:attachment":[{"href":"https:\/\/wojdowskifizjoterapia.pl\/index.php?rest_route=%2Fwp%2Fv2%2Fmedia&parent=346"}],"curies":[{"name":"wp","href":"https:\/\/api.w.org\/{rel}","templated":true}]}}